{"id":619,"date":"2013-02-04T20:53:07","date_gmt":"2013-02-04T18:53:07","guid":{"rendered":"http:\/\/www.paulinamihai.de\/?page_id=619"},"modified":"2024-07-08T17:07:00","modified_gmt":"2024-07-08T15:07:00","slug":"news-2","status":"publish","type":"page","link":"http:\/\/www.paulinamihai.de\/?page_id=619","title":{"rendered":"News"},"content":{"rendered":"<p><span style=\"font-family: Calibri, sans-serif;\"><span style=\"font-size: large;\">UPROOTED<\/span><\/span><\/p>\n<p><span style=\"font-family: Calibri, sans-serif;\"><span style=\"font-size: large;\">Die neuen Arbeiten von Paulina Mihai sind Assoziationen zum Begriff Uprooted\/Entwurzelt. Ihre Bilder lassen sich eine Darstellungsform verstehen, die jenseits der gro\u00dfen Abstraktion als auch der gro\u00dfen Realistik liegt, sie ist eine <i>Mischform<\/i>, die sich des Abstrakten wie des Figurativen bedient und dabei stets ihr Ziel darin zu haben scheint, die Grenz\u00fcberg\u00e4nge von beidem ausfindig zu machen. Die Bilder untersuchen in erster Linie immer wieder die Schnittstelle, an der sich die fest umrissenen Dinge der Au\u00dfenwelt, die Gegenst\u00e4nde, in blo\u00dfe Formen und Farben aufl\u00f6sen und umgekehrt Formen und Farben zu Gegenst\u00e4nden werden. Das eigentliche Thema der Bilder ist dieser Transformationsprozess; Malerei nicht als Abbildung oder Interpretation von etwas oder als Spur des Gestischen. Der materiell strukturierte Untergrund aus Farbe ist die Basis f\u00fcr die Gebilde und Chiffren aus kraftvollen, meist dunklen Linien. <i>Transposition von Natur<\/i> w\u00e4re vielleicht eine Ann\u00e4hrung an die Bilder Paulina Mihai&#8217;s, die f\u00fcr die wahrnehmbaren Erscheinungsformen von Natur unterschiedene Zeichen zu finden sucht. <\/span><\/span><\/p>\n<p><span style=\"font-family: Calibri, sans-serif;\"><span style=\"font-size: large;\">Jochen Lingnau<\/span><\/span><\/p>\n\n\n<figure class=\"wp-block-gallery has-nested-images columns-2 is-cropped wp-block-gallery-1 is-layout-flex wp-block-gallery-is-layout-flex\">\n<figure class=\"wp-block-image size-full\"><img loading=\"lazy\" decoding=\"async\" width=\"1048\" height=\"800\" data-id=\"2001\" src=\"http:\/\/www.paulinamihai.de\/wp-content\/uploads\/2023\/12\/2023-12-03-01-\u00a9-Paulina-Mihai-no-title-Mixed-Media-on-paper-17.5-x-23.0-cm-rotated.jpg\" alt=\"\u00a9 Paulina Mihai: no title, Mixed Media on paper, 17.5 x 23.0 cm\" class=\"wp-image-2001\" srcset=\"http:\/\/www.paulinamihai.de\/wp-content\/uploads\/2023\/12\/2023-12-03-01-\u00a9-Paulina-Mihai-no-title-Mixed-Media-on-paper-17.5-x-23.0-cm-rotated.jpg 1048w, http:\/\/www.paulinamihai.de\/wp-content\/uploads\/2023\/12\/2023-12-03-01-\u00a9-Paulina-Mihai-no-title-Mixed-Media-on-paper-17.5-x-23.0-cm-300x229.jpg 300w, http:\/\/www.paulinamihai.de\/wp-content\/uploads\/2023\/12\/2023-12-03-01-\u00a9-Paulina-Mihai-no-title-Mixed-Media-on-paper-17.5-x-23.0-cm-1024x782.jpg 1024w, http:\/\/www.paulinamihai.de\/wp-content\/uploads\/2023\/12\/2023-12-03-01-\u00a9-Paulina-Mihai-no-title-Mixed-Media-on-paper-17.5-x-23.0-cm-768x586.jpg 768w\" sizes=\"auto, (max-width: 1048px) 100vw, 1048px\" \/><\/figure>\n\n\n\n<figure class=\"wp-block-image size-full\"><img loading=\"lazy\" decoding=\"async\" width=\"567\" height=\"800\" data-id=\"1930\" src=\"http:\/\/www.paulinamihai.de\/wp-content\/uploads\/2021\/11\/2021_11_15_01_\u00a9_Paulin-Mihai-no-title-Acrylic-on-paper-2021-29.7-x-21.0-cm.jpg\" alt=\"\u00a9 Paulin Mihai: no title, Acrylic on paper, 29.7 x 21.0 cm\" class=\"wp-image-1930\" srcset=\"http:\/\/www.paulinamihai.de\/wp-content\/uploads\/2021\/11\/2021_11_15_01_\u00a9_Paulin-Mihai-no-title-Acrylic-on-paper-2021-29.7-x-21.0-cm.jpg 567w, http:\/\/www.paulinamihai.de\/wp-content\/uploads\/2021\/11\/2021_11_15_01_\u00a9_Paulin-Mihai-no-title-Acrylic-on-paper-2021-29.7-x-21.0-cm-213x300.jpg 213w\" sizes=\"auto, (max-width: 567px) 100vw, 567px\" \/><\/figure>\n\n\n\n<figure class=\"wp-block-image size-full\"><img loading=\"lazy\" decoding=\"async\" width=\"606\" height=\"800\" data-id=\"1918\" src=\"http:\/\/www.paulinamihai.de\/wp-content\/uploads\/2021\/10\/01_10_2021-\u00a9-Paulina-Mihai-no-title-Acrylic-on-paper-2021-19.5-x-14.5-cm.png\" alt=\"\u00a9 Paulin Mihai: no title, Acrylic on paper, 19.5 x 14.5 cm\" class=\"wp-image-1918\" srcset=\"http:\/\/www.paulinamihai.de\/wp-content\/uploads\/2021\/10\/01_10_2021-\u00a9-Paulina-Mihai-no-title-Acrylic-on-paper-2021-19.5-x-14.5-cm.png 606w, http:\/\/www.paulinamihai.de\/wp-content\/uploads\/2021\/10\/01_10_2021-\u00a9-Paulina-Mihai-no-title-Acrylic-on-paper-2021-19.5-x-14.5-cm-227x300.png 227w\" sizes=\"auto, (max-width: 606px) 100vw, 606px\" \/><\/figure>\n\n\n\n<figure class=\"wp-block-image size-full\"><img loading=\"lazy\" decoding=\"async\" width=\"590\" height=\"800\" data-id=\"1804\" src=\"http:\/\/www.paulinamihai.de\/wp-content\/uploads\/2020\/10\/01-\u00a9-Paulina-Mihai-no-title-Acrylic-on-paper-2020-19.5-x-14.5-cm.png\" alt=\"\u00a9 Paulina Mihai: no title, Acrylic on paper, 19.5 x 14.5 cm\" class=\"wp-image-1804\" srcset=\"http:\/\/www.paulinamihai.de\/wp-content\/uploads\/2020\/10\/01-\u00a9-Paulina-Mihai-no-title-Acrylic-on-paper-2020-19.5-x-14.5-cm.png 590w, http:\/\/www.paulinamihai.de\/wp-content\/uploads\/2020\/10\/01-\u00a9-Paulina-Mihai-no-title-Acrylic-on-paper-2020-19.5-x-14.5-cm-221x300.png 221w\" sizes=\"auto, (max-width: 590px) 100vw, 590px\" \/><\/figure>\n\n\n\n<figure class=\"wp-block-image size-full\"><img loading=\"lazy\" decoding=\"async\" width=\"671\" height=\"800\" data-id=\"1945\" src=\"http:\/\/www.paulinamihai.de\/wp-content\/uploads\/2022\/01\/2022_01_30_03_\u00a9-Paulin-Mihai-no-title-Acrylic-on-paper-22.0-x-17.0-cm.png\" alt=\"\u00a9 Paulin Mihai: no title, Acrylic on paper, 22.0 x 17.0 cm\" class=\"wp-image-1945\" srcset=\"http:\/\/www.paulinamihai.de\/wp-content\/uploads\/2022\/01\/2022_01_30_03_\u00a9-Paulin-Mihai-no-title-Acrylic-on-paper-22.0-x-17.0-cm.png 671w, http:\/\/www.paulinamihai.de\/wp-content\/uploads\/2022\/01\/2022_01_30_03_\u00a9-Paulin-Mihai-no-title-Acrylic-on-paper-22.0-x-17.0-cm-252x300.png 252w\" sizes=\"auto, (max-width: 671px) 100vw, 671px\" \/><\/figure>\n\n\n\n<figure class=\"wp-block-image size-full\"><img loading=\"lazy\" decoding=\"async\" width=\"654\" height=\"800\" data-id=\"1959\" src=\"http:\/\/www.paulinamihai.de\/wp-content\/uploads\/2022\/11\/10-\u00a9-Paulina-Mihai-no-title-Mixed-Media-on-pape-2022-30.0-x-21.0-cm.jpg\" alt=\"\u00a9 Paulina Mihai: no title, Mixed Media on paper, 30.0 x 21.0 cm\" class=\"wp-image-1959\" srcset=\"http:\/\/www.paulinamihai.de\/wp-content\/uploads\/2022\/11\/10-\u00a9-Paulina-Mihai-no-title-Mixed-Media-on-pape-2022-30.0-x-21.0-cm.jpg 654w, http:\/\/www.paulinamihai.de\/wp-content\/uploads\/2022\/11\/10-\u00a9-Paulina-Mihai-no-title-Mixed-Media-on-pape-2022-30.0-x-21.0-cm-245x300.jpg 245w\" sizes=\"auto, (max-width: 654px) 100vw, 654px\" \/><\/figure>\n\n\n\n<figure class=\"wp-block-image size-full\"><img loading=\"lazy\" decoding=\"async\" width=\"663\" height=\"800\" data-id=\"1946\" src=\"http:\/\/www.paulinamihai.de\/wp-content\/uploads\/2022\/01\/2022_01_30_04_\u00a9-Paulin-Mihai-no-title-Acrylic-on-paper-22.0-x-17.0-cm.png\" alt=\"\u00a9 Paulin Mihai: no title, Acrylic on paper, 22.0 x 17.0 cm\" class=\"wp-image-1946\" srcset=\"http:\/\/www.paulinamihai.de\/wp-content\/uploads\/2022\/01\/2022_01_30_04_\u00a9-Paulin-Mihai-no-title-Acrylic-on-paper-22.0-x-17.0-cm.png 663w, http:\/\/www.paulinamihai.de\/wp-content\/uploads\/2022\/01\/2022_01_30_04_\u00a9-Paulin-Mihai-no-title-Acrylic-on-paper-22.0-x-17.0-cm-249x300.png 249w\" sizes=\"auto, (max-width: 663px) 100vw, 663px\" \/><\/figure>\n\n\n\n<figure class=\"wp-block-image size-full\"><img loading=\"lazy\" decoding=\"async\" width=\"564\" height=\"800\" data-id=\"1718\" src=\"http:\/\/www.paulinamihai.de\/wp-content\/uploads\/2020\/09\/08-19092020-\u00a9-Paulina-Mihai-no-title-Acrylic-on-paper-2020-19.5x14.5-cm.png\" alt=\"\u00a9 Paulina Mihai: no title, Acrylic on paper, 19.5 x 14.5 cm\" class=\"wp-image-1718\" srcset=\"http:\/\/www.paulinamihai.de\/wp-content\/uploads\/2020\/09\/08-19092020-\u00a9-Paulina-Mihai-no-title-Acrylic-on-paper-2020-19.5x14.5-cm.png 564w, http:\/\/www.paulinamihai.de\/wp-content\/uploads\/2020\/09\/08-19092020-\u00a9-Paulina-Mihai-no-title-Acrylic-on-paper-2020-19.5x14.5-cm-212x300.png 212w\" sizes=\"auto, (max-width: 564px) 100vw, 564px\" \/><\/figure>\n<\/figure>\n","protected":false},"excerpt":{"rendered":"<p>UPROOTED Die neuen Arbeiten von Paulina Mihai sind Assoziationen zum Begriff Uprooted\/Entwurzelt. Ihre Bilder lassen sich eine Darstellungsform verstehen, die jenseits der gro\u00dfen Abstraktion als auch der gro\u00dfen Realistik liegt, sie ist eine Mischform, die sich des Abstrakten wie des &hellip; <a href=\"http:\/\/www.paulinamihai.de\/?page_id=619\">Continue reading <span class=\"meta-nav\">&rarr;<\/span><\/a><\/p>\n","protected":false},"author":1,"featured_media":0,"parent":0,"menu_order":90,"comment_status":"closed","ping_status":"closed","template":"onecolumn-page.php","meta":{"footnotes":""},"class_list":["post-619","page","type-page","status-publish","hentry"],"_links":{"self":[{"href":"http:\/\/www.paulinamihai.de\/index.php?rest_route=\/wp\/v2\/pages\/619","targetHints":{"allow":["GET"]}}],"collection":[{"href":"http:\/\/www.paulinamihai.de\/index.php?rest_route=\/wp\/v2\/pages"}],"about":[{"href":"http:\/\/www.paulinamihai.de\/index.php?rest_route=\/wp\/v2\/types\/page"}],"author":[{"embeddable":true,"href":"http:\/\/www.paulinamihai.de\/index.php?rest_route=\/wp\/v2\/users\/1"}],"replies":[{"embeddable":true,"href":"http:\/\/www.paulinamihai.de\/index.php?rest_route=%2Fwp%2Fv2%2Fcomments&post=619"}],"version-history":[{"count":55,"href":"http:\/\/www.paulinamihai.de\/index.php?rest_route=\/wp\/v2\/pages\/619\/revisions"}],"predecessor-version":[{"id":2033,"href":"http:\/\/www.paulinamihai.de\/index.php?rest_route=\/wp\/v2\/pages\/619\/revisions\/2033"}],"wp:attachment":[{"href":"http:\/\/www.paulinamihai.de\/index.php?rest_route=%2Fwp%2Fv2%2Fmedia&parent=619"}],"curies":[{"name":"wp","href":"https:\/\/api.w.org\/{rel}","templated":true}]}}