{"id":69,"date":"2012-06-15T12:53:35","date_gmt":"2012-06-15T10:53:35","guid":{"rendered":"http:\/\/www.paulinamihai.de\/?page_id=69"},"modified":"2017-09-12T14:52:01","modified_gmt":"2017-09-12T12:52:01","slug":"tena","status":"publish","type":"page","link":"http:\/\/www.paulinamihai.de\/?page_id=69","title":{"rendered":"Tena"},"content":{"rendered":"<p>Salamandre<\/p>\n<p>Paulina prend possession des v\u00e9g\u00e9taux, min\u00e9raux et animaux du lieu: salamandre noire et jaune qu&#8217;elle prend sous sa protection et qui lui fournit un nouveau patron visuel; vaches paissant sur la rive, souches, terre st\u00e9rile et ass\u00e9ch\u00e9e.<br \/>\nEssence et r\u00e9sistance des mat\u00e9riaux, toiles principalement, noires ou blanches, qui endeuiIlent \u00e0 nouveau les souches d\u00e9j\u00e0 mortes.<\/p>\n<p>Paulina n&#8217;aime pas l&#8217;eau et elle garde ses distances. L&#8217;ombre du bois proche semble plut\u00f4t l&#8217;attirer; c&#8217;est l\u00e0 qu&#8217;elle emmaillote les arbres (vivants ceux-ci), emm\u00e9nageant un espace \u00e0 l&#8217;or\u00e9e de la f\u00f4ret, une clairi\u00e8re pour le repos et la r\u00e9flexion o\u00f9 elle va parfois s&#8217;assoupir elle- m\u00eame aux heures les plus chaudes de la journ\u00e9e.<\/p>\n<p>Espace et mati\u00e8re sont les th\u00e8mes de la transposition et de la transfiguration de ce paysage en sculpture, la nature restant toujours perceptible \u00e0 travers l&#8217;abstraction qui ne fait que la souligner et la masquer pour mieux la d\u00e9voiler.<\/p>\n<p>\u00c0lex Tena<\/p>\n<p>Text zu: Lacustre. Art et Nature Intervention plastique, Lac de Montbel, 2001<br \/>\nCopyright beim Autor<\/p>\n","protected":false},"excerpt":{"rendered":"<p>Salamandre Paulina prend possession des v\u00e9g\u00e9taux, min\u00e9raux et animaux du lieu: salamandre noire et jaune qu&#8217;elle prend sous sa protection et qui lui fournit un nouveau patron visuel; vaches paissant sur la rive, souches, terre st\u00e9rile et ass\u00e9ch\u00e9e. Essence et &hellip; <a href=\"http:\/\/www.paulinamihai.de\/?page_id=69\">Continue reading <span class=\"meta-nav\">&rarr;<\/span><\/a><\/p>\n","protected":false},"author":1,"featured_media":0,"parent":38,"menu_order":10,"comment_status":"closed","ping_status":"closed","template":"onecolumn-page.php","meta":{"footnotes":""},"class_list":["post-69","page","type-page","status-publish","hentry"],"_links":{"self":[{"href":"http:\/\/www.paulinamihai.de\/index.php?rest_route=\/wp\/v2\/pages\/69","targetHints":{"allow":["GET"]}}],"collection":[{"href":"http:\/\/www.paulinamihai.de\/index.php?rest_route=\/wp\/v2\/pages"}],"about":[{"href":"http:\/\/www.paulinamihai.de\/index.php?rest_route=\/wp\/v2\/types\/page"}],"author":[{"embeddable":true,"href":"http:\/\/www.paulinamihai.de\/index.php?rest_route=\/wp\/v2\/users\/1"}],"replies":[{"embeddable":true,"href":"http:\/\/www.paulinamihai.de\/index.php?rest_route=%2Fwp%2Fv2%2Fcomments&post=69"}],"version-history":[{"count":6,"href":"http:\/\/www.paulinamihai.de\/index.php?rest_route=\/wp\/v2\/pages\/69\/revisions"}],"predecessor-version":[{"id":1598,"href":"http:\/\/www.paulinamihai.de\/index.php?rest_route=\/wp\/v2\/pages\/69\/revisions\/1598"}],"up":[{"embeddable":true,"href":"http:\/\/www.paulinamihai.de\/index.php?rest_route=\/wp\/v2\/pages\/38"}],"wp:attachment":[{"href":"http:\/\/www.paulinamihai.de\/index.php?rest_route=%2Fwp%2Fv2%2Fmedia&parent=69"}],"curies":[{"name":"wp","href":"https:\/\/api.w.org\/{rel}","templated":true}]}}