{"id":87,"date":"2012-06-15T13:08:41","date_gmt":"2012-06-15T11:08:41","guid":{"rendered":"http:\/\/www.paulinamihai.de\/?page_id=87"},"modified":"2012-06-15T13:08:41","modified_gmt":"2012-06-15T11:08:41","slug":"jianou","status":"publish","type":"page","link":"http:\/\/www.paulinamihai.de\/?page_id=87","title":{"rendered":"Jianou"},"content":{"rendered":"<p>Dans ses paysages synth\u00e9tiques, pr\u00e9sent\u00e9s \u00e0 ses premi\u00e8res expositions de Bucarest, Paulina Mihai s&#8217;est affirm\u00e9 comme un temp\u00e9rament fougueux, qui sugg\u00e9rait plus qu&#8217;elle ne repr\u00e9sentait les \u00e9l\u00e9ments de la r\u00e9alit\u00e9. Sa vision \u00e9tait vaste, le ciel couvrait souvent plus de la moiti\u00e9 de la toile et ses notations \u00e9taient sommaires, d\u00e9cid\u00e9es, vibrantes, r\u00e9duites \u00e0 quelques lignes d&#8217;un dynamisme qui correspondait \u00e0 la vivacit\u00e9 des couleurs.<\/p>\n<p>Son contact avec l&#8217;art de l&#8217;Occident, surtout depuis qu&#8217;elle s&#8217;est \u00e9tablie \u00e0 Berlin-Ouest en 1981, a permis \u00e0 Paulina Mihai de prendre son essor et de trouver, en toute libert\u00e9, sa propre voie. Sa peinture est devenue informelle, refusant toute r\u00e9f\u00e9rence \u00e0 une donn\u00e9e de la r\u00e9alit\u00e9 ext\u00e9rieure et \u00e0 ses apparences, mais construisant l&#8217;image dans le cadre d&#8217;une structure coh\u00e9rente. Son langage est devenu plus ferme, avec des accords en sourdine de couleurs ton sur ton, avec une valorisation du noir qui cerne les contours et surtout avec un mouvement et un rythme qui cr\u00e9ent le vrai climat de ses compositions. En intitulant la plupart de ses tableaux \u201cCompositions\u201d, Paulina Mihai a voulu souligner probablement le caract\u00e8re musical de sa nouvelle mani\u00e8re de peindre, qu&#8217;un critique d&#8217;art allemand a d\u00e9fini comme &#8220;une peinture rythmique&#8221;. Il faut comprendre ce caract\u00e8re musical non pas en sens &#8220;m\u00e9lodique&#8221;, parce que la musique moderne a renonc\u00e9 \u00e0 la m\u00e9lodie, pour lui substituer le rythme. La peinture de Paulina Mihai peut \u00eatre consid\u00e9r\u00e9e comme ayant un caract\u00e8re musical par l&#8217;importance du rythme dans la composition, par la sonorit\u00e9 des couleurs et par le dynamisme des traits noirs spontan\u00e9ment superpos\u00e9s comme des contrepoints sur les fonds colori\u00e9s. C&#8217;est justement ce dynamisme et cette spontan\u00e9it\u00e9 qui d\u00e9finissent l&#8217;\u00e9tape actuelle de la peinture de Paulina Mihai, qui exprime la vision originale d&#8217;une forte personnalit\u00e9 artistique, correspondant aux mouvements avanc\u00e9es de la peinture contemporaine.<\/p>\n<p>lonel Jianou<\/p>\n<p>Les Artistes Roumains en Occident<br \/>\nAnthologie r\u00e9dig\u00e9e par lonel.Jianou, Gabriela Carp, Ana Maria Covrig, Lionel Scant\u00e9y\u00e9<br \/>\nLos Angeles, American Romanian Academy of Arts and Sciences 1986<br \/>\nCopyright beim Autor<\/p>\n","protected":false},"excerpt":{"rendered":"<p>Dans ses paysages synth\u00e9tiques, pr\u00e9sent\u00e9s \u00e0 ses premi\u00e8res expositions de Bucarest, Paulina Mihai s&#8217;est affirm\u00e9 comme un temp\u00e9rament fougueux, qui sugg\u00e9rait plus qu&#8217;elle ne repr\u00e9sentait les \u00e9l\u00e9ments de la r\u00e9alit\u00e9. Sa vision \u00e9tait vaste, le ciel couvrait souvent plus de &hellip; <a href=\"http:\/\/www.paulinamihai.de\/?page_id=87\">Continue reading <span class=\"meta-nav\">&rarr;<\/span><\/a><\/p>\n","protected":false},"author":1,"featured_media":0,"parent":38,"menu_order":60,"comment_status":"closed","ping_status":"closed","template":"onecolumn-page.php","meta":{"footnotes":""},"class_list":["post-87","page","type-page","status-publish","hentry"],"_links":{"self":[{"href":"http:\/\/www.paulinamihai.de\/index.php?rest_route=\/wp\/v2\/pages\/87","targetHints":{"allow":["GET"]}}],"collection":[{"href":"http:\/\/www.paulinamihai.de\/index.php?rest_route=\/wp\/v2\/pages"}],"about":[{"href":"http:\/\/www.paulinamihai.de\/index.php?rest_route=\/wp\/v2\/types\/page"}],"author":[{"embeddable":true,"href":"http:\/\/www.paulinamihai.de\/index.php?rest_route=\/wp\/v2\/users\/1"}],"replies":[{"embeddable":true,"href":"http:\/\/www.paulinamihai.de\/index.php?rest_route=%2Fwp%2Fv2%2Fcomments&post=87"}],"version-history":[{"count":1,"href":"http:\/\/www.paulinamihai.de\/index.php?rest_route=\/wp\/v2\/pages\/87\/revisions"}],"predecessor-version":[{"id":88,"href":"http:\/\/www.paulinamihai.de\/index.php?rest_route=\/wp\/v2\/pages\/87\/revisions\/88"}],"up":[{"embeddable":true,"href":"http:\/\/www.paulinamihai.de\/index.php?rest_route=\/wp\/v2\/pages\/38"}],"wp:attachment":[{"href":"http:\/\/www.paulinamihai.de\/index.php?rest_route=%2Fwp%2Fv2%2Fmedia&parent=87"}],"curies":[{"name":"wp","href":"https:\/\/api.w.org\/{rel}","templated":true}]}}